{"id":110,"date":"2023-01-15T16:11:26","date_gmt":"2023-01-15T16:11:26","guid":{"rendered":"https:\/\/www.birandhealth.com\/tr\/?page_id=110"},"modified":"2023-03-27T11:45:57","modified_gmt":"2023-03-27T11:45:57","slug":"chirurgie-esthetique","status":"publish","type":"page","link":"https:\/\/www.birandhealth.com\/fr\/?page_id=110","title":{"rendered":"Ch\u0131rurg\u0131e Esth\u00e9t\u0131que"},"content":{"rendered":"","protected":false},"excerpt":{"rendered":"","protected":false},"author":1,"featured_media":0,"parent":0,"menu_order":2,"comment_status":"closed","ping_status":"closed","template":"","meta":[],"acf":[],"_links":{"self":[{"href":"https:\/\/www.birandhealth.com\/fr\/index.php?rest_route=\/wp\/v2\/pages\/110"}],"collection":[{"href":"https:\/\/www.birandhealth.com\/fr\/index.php?rest_route=\/wp\/v2\/pages"}],"about":[{"href":"https:\/\/www.birandhealth.com\/fr\/index.php?rest_route=\/wp\/v2\/types\/page"}],"author":[{"embeddable":true,"href":"https:\/\/www.birandhealth.com\/fr\/index.php?rest_route=\/wp\/v2\/users\/1"}],"replies":[{"embeddable":true,"href":"https:\/\/www.birandhealth.com\/fr\/index.php?rest_route=%2Fwp%2Fv2%2Fcomments&post=110"}],"version-history":[{"count":5,"href":"https:\/\/www.birandhealth.com\/fr\/index.php?rest_route=\/wp\/v2\/pages\/110\/revisions"}],"predecessor-version":[{"id":178,"href":"https:\/\/www.birandhealth.com\/fr\/index.php?rest_route=\/wp\/v2\/pages\/110\/revisions\/178"}],"wp:attachment":[{"href":"https:\/\/www.birandhealth.com\/fr\/index.php?rest_route=%2Fwp%2Fv2%2Fmedia&parent=110"}],"curies":[{"name":"wp","href":"https:\/\/api.w.org\/{rel}","templated":true}]}}