{"id":67,"date":"2023-01-13T23:35:55","date_gmt":"2023-01-13T23:35:55","guid":{"rendered":"https:\/\/www.birandhealth.com\/tr\/?page_id=67"},"modified":"2023-01-24T16:31:22","modified_gmt":"2023-01-24T16:31:22","slug":"faq","status":"publish","type":"page","link":"https:\/\/www.birandhealth.com\/fr\/?page_id=67","title":{"rendered":"Faq"},"content":{"rendered":"<p style=\"text-align: center;\"><strong><img decoding=\"async\" loading=\"lazy\" class=\"aligncenter wp-image-164 size-full\" src=\"http:\/\/www.birandhealth.com\/fr\/wp-content\/uploads\/2023\/01\/soru.jpg\" alt=\"\" width=\"300\" height=\"300\" srcset=\"https:\/\/www.birandhealth.com\/fr\/wp-content\/uploads\/2023\/01\/soru.jpg 300w, https:\/\/www.birandhealth.com\/fr\/wp-content\/uploads\/2023\/01\/soru-150x150.jpg 150w\" sizes=\"(max-width: 300px) 100vw, 300px\" \/><\/strong><\/p>\n<p style=\"text-align: center;\"><strong>Questions fr\u00e9quemment pos\u00e9es<\/strong><br \/>\nCombien de temps durera mon traitement ?<br \/>\nLa dur\u00e9e du processus de traitement diff\u00e8re en fonction de la proc\u00e9dure m\u00e9dicale souhait\u00e9e. Malheureusement, sans examen m\u00e9dical, nous ne pouvons pas fournir d&#8217;informations sur la dur\u00e9e du processus.<\/p>\n<p style=\"text-align: center;\"><strong>Dans quelles branches de sant\u00e9 puis-je obtenir des services?<\/strong><\/p>\n<p style=\"text-align: center;\">Nous fournissons des services de greffe de cheveux, de chirurgie esth\u00e9tique, de chirurgie g\u00e9n\u00e9rale et de nombreux autres domaines. Vous pouvez nous contacter pour obtenir des informations sur nos services.<\/p>\n<p style=\"text-align: center;\"><strong>Quels sont les services que je recevrai dans le cadre du tourisme de sant\u00e9 ?<\/strong><\/p>\n<p style=\"text-align: center;\">Nous proposons de nombreux services tels que le transfert VIP, l&#8217;h\u00e9bergement, les services de traduction, les soins de sant\u00e9 et les visites de la ville inclus dans les frais que vous paierez pour votre traitement en Turquie.<\/p>\n<p style=\"text-align: center;\"><strong>Pourquoi choisir Birand Consultants en Tourisme de Sant\u00e9 ?<\/strong><\/p>\n<p style=\"text-align: center;\">Nous travaillons avec une \u00e9quipe de professionnels de premier plan, experts dans leur domaine et qui suivent les derniers d\u00e9veloppements en mati\u00e8re de soins de sant\u00e9 et de technologie. Gr\u00e2ce \u00e0 notre expertise en tourisme m\u00e9dical, nous vous proposons une vari\u00e9t\u00e9 d&#8217;alternatives parmi les meilleures et vous garantissons la meilleure exp\u00e9rience lors de votre visite en Turquie.<\/p>\n<p style=\"text-align: center;\"><strong>Je ne parle pas turc. Serait-ce un probl\u00e8me lorsque je communique avec des professionnels de la sant\u00e9 ?<\/strong><\/p>\n<p style=\"text-align: center;\">Absolument pas. Nous visons \u00e0 assurer votre plus grand confort tout au long de votre visite et fournissons des services de traduction pour nous assurer que la langue n&#8217;est pas un obstacle.<\/p>\n<p style=\"text-align: center;\"><strong>Dois-je revenir en Turquie apr\u00e8s mon traitement ?<\/strong><\/p>\n<p style=\"text-align: center;\">Le processus de traitement est d\u00e9termin\u00e9 apr\u00e8s les examens de sant\u00e9 n\u00e9cessaires. Dans la plupart des cas, les patients restent en Turquie une fois le processus de traitement termin\u00e9 pour assurer un r\u00e9tablissement en douceur. Cependant, la d\u00e9cision finale appartient aux professionnels de sant\u00e9, nous vous conseillons donc de consulter votre m\u00e9decin pour d\u00e9cider de votre d\u00e9part.<\/p>\n<p style=\"text-align: center;\"><strong>O\u00f9 organisez-vous les visites de la ville ?<\/strong><\/p>\n<p style=\"text-align: center;\">Notre objectif en organisant ces circuits est de vous assurer de d\u00e9couvrir pleinement ce que la Turquie a \u00e0 offrir. Vous pouvez obtenir plus d&#8217;informations sur les destinations sp\u00e9cifiques en nous contactant.<\/p>\n","protected":false},"excerpt":{"rendered":"<p>Questions fr\u00e9quemment pos\u00e9es Combien de temps durera mon traitement ? La dur\u00e9e du processus de traitement diff\u00e8re en fonction de la proc\u00e9dure m\u00e9dicale souhait\u00e9e. Malheureusement, sans examen m\u00e9dical, nous ne pouvons pas fournir d&#8217;informations sur la dur\u00e9e du processus. Dans quelles branches de sant\u00e9 puis-je obtenir des services? Nous fournissons des services de greffe de [&hellip;]<\/p>\n","protected":false},"author":1,"featured_media":164,"parent":0,"menu_order":9,"comment_status":"closed","ping_status":"closed","template":"faq.php","meta":[],"acf":[],"_links":{"self":[{"href":"https:\/\/www.birandhealth.com\/fr\/index.php?rest_route=\/wp\/v2\/pages\/67"}],"collection":[{"href":"https:\/\/www.birandhealth.com\/fr\/index.php?rest_route=\/wp\/v2\/pages"}],"about":[{"href":"https:\/\/www.birandhealth.com\/fr\/index.php?rest_route=\/wp\/v2\/types\/page"}],"author":[{"embeddable":true,"href":"https:\/\/www.birandhealth.com\/fr\/index.php?rest_route=\/wp\/v2\/users\/1"}],"replies":[{"embeddable":true,"href":"https:\/\/www.birandhealth.com\/fr\/index.php?rest_route=%2Fwp%2Fv2%2Fcomments&post=67"}],"version-history":[{"count":14,"href":"https:\/\/www.birandhealth.com\/fr\/index.php?rest_route=\/wp\/v2\/pages\/67\/revisions"}],"predecessor-version":[{"id":170,"href":"https:\/\/www.birandhealth.com\/fr\/index.php?rest_route=\/wp\/v2\/pages\/67\/revisions\/170"}],"wp:featuredmedia":[{"embeddable":true,"href":"https:\/\/www.birandhealth.com\/fr\/index.php?rest_route=\/wp\/v2\/media\/164"}],"wp:attachment":[{"href":"https:\/\/www.birandhealth.com\/fr\/index.php?rest_route=%2Fwp%2Fv2%2Fmedia&parent=67"}],"curies":[{"name":"wp","href":"https:\/\/api.w.org\/{rel}","templated":true}]}}