{"id":81,"date":"2023-01-14T00:10:18","date_gmt":"2023-01-14T00:10:18","guid":{"rendered":"https:\/\/www.birandhealth.com\/tr\/?page_id=81"},"modified":"2023-01-15T18:10:12","modified_gmt":"2023-01-15T18:10:12","slug":"nous-contacter","status":"publish","type":"page","link":"https:\/\/www.birandhealth.com\/fr\/?page_id=81","title":{"rendered":"Nous contacter"},"content":{"rendered":"<p>Birand Health, l&#8217;un des noms les plus fiables du secteur;Solutions m\u00e9dicales, services touristiques et h\u00f4teliers, services de centres commerciaux et de construction, services VIP, location d&#8217;h\u00e9licopt\u00e8res, services de flotte et services de location de voitures, tout en r\u00e9unissant l&#8217;exp\u00e9rience de ces secteurs, medicaturkey Brand est entr\u00e9 dans le domaine du Tourisme de Sant\u00e9 en 2017.<\/p>\n","protected":false},"excerpt":{"rendered":"<p>Birand Health, l&#8217;un des noms les plus fiables du secteur;Solutions m\u00e9dicales, services touristiques et h\u00f4teliers, services de centres commerciaux et de construction, services VIP, location d&#8217;h\u00e9licopt\u00e8res, services de flotte et services de location de voitures, tout en r\u00e9unissant l&#8217;exp\u00e9rience de ces secteurs, medicaturkey Brand est entr\u00e9 dans le domaine du Tourisme de Sant\u00e9 en 2017.<\/p>\n","protected":false},"author":1,"featured_media":0,"parent":0,"menu_order":10,"comment_status":"closed","ping_status":"closed","template":"iletisim.php","meta":[],"acf":[],"_links":{"self":[{"href":"https:\/\/www.birandhealth.com\/fr\/index.php?rest_route=\/wp\/v2\/pages\/81"}],"collection":[{"href":"https:\/\/www.birandhealth.com\/fr\/index.php?rest_route=\/wp\/v2\/pages"}],"about":[{"href":"https:\/\/www.birandhealth.com\/fr\/index.php?rest_route=\/wp\/v2\/types\/page"}],"author":[{"embeddable":true,"href":"https:\/\/www.birandhealth.com\/fr\/index.php?rest_route=\/wp\/v2\/users\/1"}],"replies":[{"embeddable":true,"href":"https:\/\/www.birandhealth.com\/fr\/index.php?rest_route=%2Fwp%2Fv2%2Fcomments&post=81"}],"version-history":[{"count":4,"href":"https:\/\/www.birandhealth.com\/fr\/index.php?rest_route=\/wp\/v2\/pages\/81\/revisions"}],"predecessor-version":[{"id":124,"href":"https:\/\/www.birandhealth.com\/fr\/index.php?rest_route=\/wp\/v2\/pages\/81\/revisions\/124"}],"wp:attachment":[{"href":"https:\/\/www.birandhealth.com\/fr\/index.php?rest_route=%2Fwp%2Fv2%2Fmedia&parent=81"}],"curies":[{"name":"wp","href":"https:\/\/api.w.org\/{rel}","templated":true}]}}