{"id":9,"date":"2023-01-13T20:33:57","date_gmt":"2023-01-13T20:33:57","guid":{"rendered":"https:\/\/www.birandhealth.com\/tr\/?page_id=9"},"modified":"2024-02-06T19:53:19","modified_gmt":"2024-02-06T19:53:19","slug":"a-propos-de-nous","status":"publish","type":"page","link":"https:\/\/www.birandhealth.com\/fr\/?page_id=9","title":{"rendered":"\u00c0 propos de nous"},"content":{"rendered":"<p>Birand Health Tourism Consultants a \u00e9t\u00e9 cr\u00e9\u00e9 en 2022 et est devenu l&#8217;une des principales entreprises du tourisme m\u00e9dical, principalement gr\u00e2ce \u00e0 ses solutions sur mesure. Dirig\u00e9 par l&#8217;\u00e9minent journaliste Umur Ali Birand, il a \u00e9t\u00e9 f\u00e9licit\u00e9 par ses invit\u00e9s pour avoir accord\u00e9 la plus grande importance \u00e0 leur bien-\u00eatre sous tous ses aspects lors de leur visite en Turquie.<br \/>\nTravaillant avec des professionnels de la sant\u00e9 experts dans les principaux h\u00f4pitaux turcs de renomm\u00e9e internationale, Birand Health Tourism Consultants promet \u00e0 ses clients qu&#8217;ils passeront un moment m\u00e9morable en Turquie pendant leur traitement. Notre objectif est de nous assurer que chaque personne qui choisit notre entreprise termine son processus de traitement avec un grand sourire sur son visage et nous sommes fiers de le garantir depuis notre fondation.<\/p>\n<p>Pour nous, les services compl\u00e9mentaires sont cruciaux pour garantir votre satisfaction lors de votre parcours de soins. Votre confort et votre plaisir sont importants pour nous, c&#8217;est pourquoi nous vous proposons de nombreux services, notamment des conseils en mati\u00e8re de sant\u00e9, la gestion de vos transports et de vos billets d&#8217;avion, l&#8217;h\u00e9bergement et la traduction. \u00c9tant donn\u00e9 que la Turquie offre diverses beaut\u00e9s \u00e0 ses invit\u00e9s, nous organisons \u00e9galement des visites de la ville pour vous permettre de bien comprendre la ville que vous recevez.<\/p>\n<p><strong>Pourquoi tu devrais nous choisir?<\/strong><br \/>\nNous comprenons que chacun de nos clients a des besoins et des attentes diff\u00e9rents. Nous \u00e9valuons soigneusement vos besoins et proposons des options sur mesure.<br \/>\nNous fournissons une large gamme de services m\u00e9dicaux, y compris la chirurgie g\u00e9n\u00e9rale, les chirurgies esth\u00e9tiques, les proc\u00e9dures dentaires, l&#8217;orthop\u00e9die, la neurologie, la cardiologie, l&#8217;ophtalmologie, la gastro-ent\u00e9rologie, l&#8217;urologie, la dermatologie, l&#8217;ORL et la chirurgie plastique.<br \/>\nNos h\u00f4pitaux partenaires sont \u00e9quip\u00e9s d&#8217;une technologie de pointe.<br \/>\nNous avons un service client d\u00e9di\u00e9 qui est pr\u00eat \u00e0 r\u00e9pondre \u00e0 vos questions 24h\/24 et 7j\/7.<br \/>\nNous acceptons toutes les principales cartes de cr\u00e9dit (Visa, MasterCard, American Express).<\/p>\n<h4>Nos Certificats<\/h4>\n<p><img decoding=\"async\" loading=\"lazy\" class=\"wp-image-315\" src=\"https:\/\/www.birandhealth.com\/content\/uploads\/2024\/01\/our-certificates-birand-health.jpg\" alt=\"Our Certificates\" width=\"853\" height=\"480\" \/> <\/p>\n","protected":false},"excerpt":{"rendered":"<p>Birand Health Tourism Consultants a \u00e9t\u00e9 cr\u00e9\u00e9 en 2022 et est devenu l&#8217;une des principales entreprises du tourisme m\u00e9dical, principalement gr\u00e2ce \u00e0 ses solutions sur mesure. Dirig\u00e9 par l&#8217;\u00e9minent journaliste Umur Ali Birand, il a \u00e9t\u00e9 f\u00e9licit\u00e9 par ses invit\u00e9s pour avoir accord\u00e9 la plus grande importance \u00e0 leur bien-\u00eatre sous tous ses aspects lors [&hellip;]<\/p>\n","protected":false},"author":1,"featured_media":154,"parent":0,"menu_order":5,"comment_status":"closed","ping_status":"closed","template":"hakkimizda.php","meta":[],"acf":[],"_links":{"self":[{"href":"https:\/\/www.birandhealth.com\/fr\/index.php?rest_route=\/wp\/v2\/pages\/9"}],"collection":[{"href":"https:\/\/www.birandhealth.com\/fr\/index.php?rest_route=\/wp\/v2\/pages"}],"about":[{"href":"https:\/\/www.birandhealth.com\/fr\/index.php?rest_route=\/wp\/v2\/types\/page"}],"author":[{"embeddable":true,"href":"https:\/\/www.birandhealth.com\/fr\/index.php?rest_route=\/wp\/v2\/users\/1"}],"replies":[{"embeddable":true,"href":"https:\/\/www.birandhealth.com\/fr\/index.php?rest_route=%2Fwp%2Fv2%2Fcomments&post=9"}],"version-history":[{"count":10,"href":"https:\/\/www.birandhealth.com\/fr\/index.php?rest_route=\/wp\/v2\/pages\/9\/revisions"}],"predecessor-version":[{"id":185,"href":"https:\/\/www.birandhealth.com\/fr\/index.php?rest_route=\/wp\/v2\/pages\/9\/revisions\/185"}],"wp:featuredmedia":[{"embeddable":true,"href":"https:\/\/www.birandhealth.com\/fr\/index.php?rest_route=\/wp\/v2\/media\/154"}],"wp:attachment":[{"href":"https:\/\/www.birandhealth.com\/fr\/index.php?rest_route=%2Fwp%2Fv2%2Fmedia&parent=9"}],"curies":[{"name":"wp","href":"https:\/\/api.w.org\/{rel}","templated":true}]}}