{"id":81,"date":"2023-01-14T00:10:18","date_gmt":"2023-01-14T00:10:18","guid":{"rendered":"https:\/\/www.birandhealth.com\/tr\/?page_id=81"},"modified":"2023-01-14T00:11:32","modified_gmt":"2023-01-14T00:11:32","slug":"iletisim","status":"publish","type":"page","link":"https:\/\/www.birandhealth.com\/tr\/?page_id=81","title":{"rendered":"\u0130leti\u015fim"},"content":{"rendered":"<p>Sekt\u00f6r\u00fcn en g\u00fcvenilir isimlerinden Birand Sa\u011fl\u0131k; Medikal \u00e7\u00f6z\u00fcmler, Turizm ve otel hizmetleri, Al\u0131\u015fveri\u015f merkezi ve in\u015faat hizmetleri, VIP hizmetler, helikopter kiralama, filo hizmetleri ve ara\u00e7 kiralama hizmetleri ile bu sekt\u00f6rlerdeki tecr\u00fcbelerini bir araya getirirken, medicaturkey Markas\u0131 2017 y\u0131l\u0131nda Sa\u011fl\u0131k Turizmi alan\u0131na girmi\u015ftir.<\/p>\n","protected":false},"excerpt":{"rendered":"<p>Sekt\u00f6r\u00fcn en g\u00fcvenilir isimlerinden Birand Sa\u011fl\u0131k; Medikal \u00e7\u00f6z\u00fcmler, Turizm ve otel hizmetleri, Al\u0131\u015fveri\u015f merkezi ve in\u015faat hizmetleri, VIP hizmetler, helikopter kiralama, filo hizmetleri ve ara\u00e7 kiralama hizmetleri ile bu sekt\u00f6rlerdeki tecr\u00fcbelerini bir araya getirirken, medicaturkey Markas\u0131 2017 y\u0131l\u0131nda Sa\u011fl\u0131k Turizmi alan\u0131na girmi\u015ftir.<\/p>\n","protected":false},"author":1,"featured_media":0,"parent":0,"menu_order":12,"comment_status":"closed","ping_status":"closed","template":"iletisim.php","meta":[],"acf":[],"_links":{"self":[{"href":"https:\/\/www.birandhealth.com\/tr\/index.php?rest_route=\/wp\/v2\/pages\/81"}],"collection":[{"href":"https:\/\/www.birandhealth.com\/tr\/index.php?rest_route=\/wp\/v2\/pages"}],"about":[{"href":"https:\/\/www.birandhealth.com\/tr\/index.php?rest_route=\/wp\/v2\/types\/page"}],"author":[{"embeddable":true,"href":"https:\/\/www.birandhealth.com\/tr\/index.php?rest_route=\/wp\/v2\/users\/1"}],"replies":[{"embeddable":true,"href":"https:\/\/www.birandhealth.com\/tr\/index.php?rest_route=%2Fwp%2Fv2%2Fcomments&post=81"}],"version-history":[{"count":2,"href":"https:\/\/www.birandhealth.com\/tr\/index.php?rest_route=\/wp\/v2\/pages\/81\/revisions"}],"predecessor-version":[{"id":83,"href":"https:\/\/www.birandhealth.com\/tr\/index.php?rest_route=\/wp\/v2\/pages\/81\/revisions\/83"}],"wp:attachment":[{"href":"https:\/\/www.birandhealth.com\/tr\/index.php?rest_route=%2Fwp%2Fv2%2Fmedia&parent=81"}],"curies":[{"name":"wp","href":"https:\/\/api.w.org\/{rel}","templated":true}]}}